{"id":109,"date":"2025-04-15T21:30:30","date_gmt":"2025-04-15T21:30:30","guid":{"rendered":"https:\/\/www.jusinger.legal\/?page_id=109"},"modified":"2025-05-09T01:29:15","modified_gmt":"2025-05-09T01:29:15","slug":"unternehmen","status":"publish","type":"page","link":"https:\/\/www.jusinger.legal\/?page_id=109","title":{"rendered":"Spezialisierungen"},"content":{"rendered":"\n<div class=\"wp-block-group alignfull has-global-padding is-layout-constrained wp-container-core-group-is-layout-23b1a4dc wp-block-group-is-layout-constrained\" style=\"padding-top:var(--wp--preset--spacing--30);padding-right:var(--wp--preset--spacing--30);padding-bottom:var(--wp--preset--spacing--30);padding-left:var(--wp--preset--spacing--30)\">\n<div class=\"wp-block-group alignwide is-content-justification-space-between is-layout-flex wp-container-core-group-is-layout-b2891da8 wp-block-group-is-layout-flex\">\n<div class=\"wp-block-group is-layout-flex wp-block-group-is-layout-flex\"><h1 class=\"has-link-color wp-elements-d6202aa7d337f2ce08aedc8ed261a84e wp-block-site-title\"><a href=\"https:\/\/www.jusinger.legal\" target=\"_self\" rel=\"home\">www.jusinger.legal<\/a><\/h1>\n\n<\/div>\n\n\n<nav class=\"is-responsive items-justified-right wp-block-navigation is-content-justification-right is-layout-flex wp-container-core-navigation-is-layout-f665d2b5 wp-block-navigation-is-layout-flex\" aria-label=\"Navigation 2\" \n\t\t data-wp-interactive=\"core\/navigation\" data-wp-context='{\"overlayOpenedBy\":{\"click\":false,\"hover\":false,\"focus\":false},\"type\":\"overlay\",\"roleAttribute\":\"\",\"ariaLabel\":\"Men\\u00fc\"}'><button aria-haspopup=\"dialog\" aria-label=\"Men\u00fc \u00f6ffnen\" class=\"wp-block-navigation__responsive-container-open\" \n\t\t\t\tdata-wp-on--click=\"actions.openMenuOnClick\"\n\t\t\t\tdata-wp-on--keydown=\"actions.handleMenuKeydown\"\n\t\t\t><svg width=\"24\" height=\"24\" xmlns=\"http:\/\/www.w3.org\/2000\/svg\" viewBox=\"0 0 24 24\" aria-hidden=\"true\" focusable=\"false\"><path d=\"M4 7.5h16v1.5H4z\"><\/path><path d=\"M4 15h16v1.5H4z\"><\/path><\/svg><\/button>\n\t\t\t\t<div class=\"wp-block-navigation__responsive-container\"  id=\"modal-1\" \n\t\t\t\tdata-wp-class--has-modal-open=\"state.isMenuOpen\"\n\t\t\t\tdata-wp-class--is-menu-open=\"state.isMenuOpen\"\n\t\t\t\tdata-wp-watch=\"callbacks.initMenu\"\n\t\t\t\tdata-wp-on--keydown=\"actions.handleMenuKeydown\"\n\t\t\t\tdata-wp-on--focusout=\"actions.handleMenuFocusout\"\n\t\t\t\ttabindex=\"-1\"\n\t\t\t>\n\t\t\t\t\t<div class=\"wp-block-navigation__responsive-close\" tabindex=\"-1\">\n\t\t\t\t\t\t<div class=\"wp-block-navigation__responsive-dialog\" \n\t\t\t\tdata-wp-bind--aria-modal=\"state.ariaModal\"\n\t\t\t\tdata-wp-bind--aria-label=\"state.ariaLabel\"\n\t\t\t\tdata-wp-bind--role=\"state.roleAttribute\"\n\t\t\t>\n\t\t\t\t\t\t\t<button aria-label=\"Men\u00fc schlie\u00dfen\" class=\"wp-block-navigation__responsive-container-close\" \n\t\t\t\tdata-wp-on--click=\"actions.closeMenuOnClick\"\n\t\t\t><svg xmlns=\"http:\/\/www.w3.org\/2000\/svg\" viewBox=\"0 0 24 24\" width=\"24\" height=\"24\" aria-hidden=\"true\" focusable=\"false\"><path d=\"m13.06 12 6.47-6.47-1.06-1.06L12 10.94 5.53 4.47 4.47 5.53 10.94 12l-6.47 6.47 1.06 1.06L12 13.06l6.47 6.47 1.06-1.06L13.06 12Z\"><\/path><\/svg><\/button>\n\t\t\t\t\t\t\t<div class=\"wp-block-navigation__responsive-container-content\" \n\t\t\t\tdata-wp-watch=\"callbacks.focusFirstElement\"\n\t\t\t id=\"modal-1-content\">\n\t\t\t\t\t\t\t\t<ul class=\"wp-block-navigation__container is-responsive items-justified-right wp-block-navigation\"><li class=\" wp-block-navigation-item wp-block-navigation-link\"><a class=\"wp-block-navigation-item__content\"  href=\"https:\/\/www.jusinger.legal\/?page_id=109\"><span class=\"wp-block-navigation-item__label\">Spezialisierungen<\/span><\/a><\/li><li class=\" wp-block-navigation-item wp-block-navigation-link\"><a class=\"wp-block-navigation-item__content\"  href=\"https:\/\/www.jusinger.legal\/?page_id=230\"><span class=\"wp-block-navigation-item__label\">Honorar<\/span><\/a><\/li><li class=\" wp-block-navigation-item wp-block-navigation-link\"><a class=\"wp-block-navigation-item__content\"  href=\"https:\/\/www.jusinger.legal\/?page_id=140\"><span class=\"wp-block-navigation-item__label\">\u00dcber<\/span><\/a><\/li><li class=\" wp-block-navigation-item wp-block-navigation-link\"><a class=\"wp-block-navigation-item__content\"  href=\"https:\/\/www.jusinger.legal\/?page_id=147\"><span class=\"wp-block-navigation-item__label\">Kontakt<\/span><\/a><\/li><\/ul>\n\t\t\t\t\t\t\t<\/div>\n\t\t\t\t\t\t<\/div>\n\t\t\t\t\t<\/div>\n\t\t\t\t<\/div><\/nav><\/div>\n<\/div>\n\n\n\n<div class=\"wp-block-cover is-light\"><img loading=\"lazy\" decoding=\"async\" width=\"612\" height=\"348\" class=\"wp-block-cover__image-background wp-image-162 size-full\" alt=\"\" src=\"https:\/\/www.jusinger.legal\/wp-content\/uploads\/2025\/04\/istockphotoQ.jpg\" data-object-fit=\"cover\" srcset=\"https:\/\/www.jusinger.legal\/wp-content\/uploads\/2025\/04\/istockphotoQ.jpg 612w, https:\/\/www.jusinger.legal\/wp-content\/uploads\/2025\/04\/istockphotoQ-300x171.jpg 300w\" sizes=\"auto, (max-width: 612px) 100vw, 612px\" \/><span aria-hidden=\"true\" class=\"wp-block-cover__background has-background-dim\" style=\"background-color:#949290\"><\/span><div class=\"wp-block-cover__inner-container has-global-padding is-layout-constrained wp-block-cover-is-layout-constrained\">\n<p class=\"has-text-align-center has-base-2-color has-text-color has-link-color has-large-font-size wp-elements-ab7299b39bf038bdb99dff30f9c76d3c\"><strong>Fundiertes Wissen und langj\u00e4hrige <\/strong><br><strong>Erfahrung garantieren ma\u00dfgeschneiderte L\u00f6sungen.<\/strong><\/p>\n<\/div><\/div>\n\n\n\n<p class=\"has-text-align-center\"><strong>Die Kanzlei Jusinger bietet rund um die Rechtsthemen Gesellschaftsrecht, Vertragsrecht, Umgr\u00fcndungen, Niederlassungen kompetente und rasche Hilfe an.<\/strong><\/p>\n\n\n\n<p class=\"has-text-align-center\">Das Leitbild meiner anwaltlichen T\u00e4tigkeit ist die umfassende Beratung und kompetente Vertretung meiner Mandanten mit Eifer, Vertraulichkeit und Gewissenhaftigkeit: Im Zentrum stehen meine Mandanten mit Ihren pers\u00f6nlichen Anliegen. Sowohl in der Beratung als auch bei der Vertretung von Mandanten muss man vorausschauend denken, Konflikte, Schicksalsschl\u00e4ge und \u00e4hnliches sowie deren rechtlichen Folgen antizipieren und beispielsweise vertragliche Regelungen vorsehen, die diese \u2013 f\u00fcr die Betroffenen bereits schwierigen Zeiten \u2013 nicht noch durch Rechtsunsicherheit belasten.<\/p>\n\n\n\n<p class=\"has-text-align-center\">Aufgrund meiner langj\u00e4hrigen Praxis kenne ich sowohl bei der Vertragsgestaltung als auch in der Prozessf\u00fchrung die T\u00fccken und sehe es als meine Kernaufgabe, vorauszudenken. Vieles l\u00e4sst sich vorausplanend gestalten, viele Streitigkeiten vor Gerichten lassen sich dadurch vermeiden.<\/p>\n\n\n\n<p class=\"has-text-align-center\">Meine Schwerpunkte liegen im Gesellschaftsrecht, im Umgr\u00fcndungsrecht (national und international) und M&amp;A.<\/p>\n\n\n\n<div style=\"height:25px\" aria-hidden=\"true\" class=\"wp-block-spacer\"><\/div>\n\n\n\n<hr class=\"wp-block-separator has-alpha-channel-opacity\"\/>\n\n\n\n<div class=\"wp-block-group alignfull has-global-padding is-layout-constrained wp-container-core-group-is-layout-d89aad35 wp-block-group-is-layout-constrained\" style=\"margin-top:0;margin-bottom:0;padding-top:var(--wp--preset--spacing--50);padding-right:var(--wp--preset--spacing--50);padding-bottom:var(--wp--preset--spacing--50);padding-left:var(--wp--preset--spacing--50)\">\n<div class=\"wp-block-group alignwide has-global-padding is-layout-constrained wp-container-core-group-is-layout-19e250f3 wp-block-group-is-layout-constrained\">\n<div class=\"wp-block-group is-vertical is-content-justification-center is-layout-flex wp-container-core-group-is-layout-6329a8f3 wp-block-group-is-layout-flex\">\n<h2 class=\"wp-block-heading has-text-align-center\"><strong>Ma\u00dfgeschneiderte L\u00f6sungen.<\/strong><\/h2>\n\n\n\n<p class=\"has-text-align-center\">Unser umfassendes Angebot an professionellen Dienstleistungen richtet sich an einen breit gef\u00e4cherten Kundenkreis.<\/p>\n<\/div>\n\n\n\n<div style=\"height:var(--wp--preset--spacing--40)\" aria-hidden=\"true\" class=\"wp-block-spacer\"><\/div>\n\n\n\n<div class=\"wp-block-columns alignwide is-layout-flex wp-container-core-columns-is-layout-d1c656ed wp-block-columns-is-layout-flex\">\n<div class=\"wp-block-column is-vertically-aligned-center is-layout-flow wp-block-column-is-layout-flow\" style=\"flex-basis:40%\">\n<p class=\"has-large-font-size\">Spezialisierungen<\/p>\n\n\n\n<ul style=\"line-height:1.75\" class=\"wp-block-list is-style-checkmark-list\">\n<li>Gr\u00fcndungen von Gesellschaften (OG, KG, GmbH &amp; Co KG, GmbH, FlexCo, AG)<\/li>\n\n\n\n<li>Gesellschaftsrecht (Gesellschafterversammlungen, Kapitalerh\u00f6hungen, Kapitalherabsetzungen, Liquidationen)<\/li>\n\n\n\n<li>Umgr\u00fcndungen (Verschmelzungen, Spaltungen, Umwandlungen, Einbringungen, Zusammenschl\u00fcsse)<\/li>\n\n\n\n<li>Errichtung von Zweigniederlassungen<\/li>\n\n\n\n<li>Immobilientransaktionen<\/li>\n\n\n\n<li>Niederlassungsrecht<\/li>\n\n\n\n<li>Staatsb\u00fcrgerschaftsrecht<\/li>\n\n\n\n<li>Familienrecht (Ehevertr\u00e4ge, Scheidung, Obsorge, Kontaktrecht)<\/li>\n\n\n\n<li>Vertragspr\u00fcfung (Immobilienkaufvertr\u00e4ge, Schenkungsvertr\u00e4ge)<\/li>\n\n\n\n<li>Letztwillige Verf\u00fcgungen (Testament, Verm\u00e4chtnis)<\/li>\n\n\n\n<li>Schadenersatzrecht<\/li>\n\n\n\n<li>Gew\u00e4hrleistung<\/li>\n\n\n\n<li>Grundverkehrsrecht<\/li>\n\n\n\n<li>Miet- und Wohnrecht, Liegenschaftsrecht<\/li>\n<\/ul>\n<\/div>\n\n\n\n<div class=\"wp-block-column is-layout-flow wp-block-column-is-layout-flow\" style=\"flex-basis:50%\">\n<figure class=\"wp-block-image size-large is-resized has-custom-border is-style-rounded is-style-rounded--2\" style=\"margin-top:0;margin-right:0;margin-bottom:0;margin-left:0\"><img loading=\"lazy\" decoding=\"async\" width=\"1024\" height=\"585\" src=\"https:\/\/www.jusinger.legal\/wp-content\/uploads\/2025\/04\/Die-Zukunft-der-KI-in-Unternehmen-1024x585.jpg\" alt=\"\" class=\"wp-image-204\" style=\"border-style:none;border-width:0px;width:508px;height:auto\" srcset=\"https:\/\/www.jusinger.legal\/wp-content\/uploads\/2025\/04\/Die-Zukunft-der-KI-in-Unternehmen-1024x585.jpg 1024w, https:\/\/www.jusinger.legal\/wp-content\/uploads\/2025\/04\/Die-Zukunft-der-KI-in-Unternehmen-300x171.jpg 300w, https:\/\/www.jusinger.legal\/wp-content\/uploads\/2025\/04\/Die-Zukunft-der-KI-in-Unternehmen-768x439.jpg 768w, https:\/\/www.jusinger.legal\/wp-content\/uploads\/2025\/04\/Die-Zukunft-der-KI-in-Unternehmen.jpg 1344w\" sizes=\"auto, (max-width: 1024px) 100vw, 1024px\" \/><\/figure>\n\n\n\n<figure class=\"wp-block-image size-full is-resized is-style-rounded is-style-rounded--3\"><img loading=\"lazy\" decoding=\"async\" width=\"800\" height=\"450\" src=\"https:\/\/www.jusinger.legal\/wp-content\/uploads\/2025\/04\/06012020162558954.4397759.jpg\" alt=\"\" class=\"wp-image-74\" style=\"width:514px;height:auto\" srcset=\"https:\/\/www.jusinger.legal\/wp-content\/uploads\/2025\/04\/06012020162558954.4397759.jpg 800w, https:\/\/www.jusinger.legal\/wp-content\/uploads\/2025\/04\/06012020162558954.4397759-300x169.jpg 300w, https:\/\/www.jusinger.legal\/wp-content\/uploads\/2025\/04\/06012020162558954.4397759-768x432.jpg 768w\" sizes=\"auto, (max-width: 800px) 100vw, 800px\" \/><\/figure>\n<\/div>\n<\/div>\n<\/div>\n<\/div>\n\n\n\n<div class=\"wp-block-group alignfull has-background-color has-white-color has-black-background-color has-text-color has-background has-link-color wp-elements-f2fecc0e39640f695ab5fea7d7aaa232 is-vertical is-content-justification-stretch is-layout-flex wp-container-core-group-is-layout-48a3dbfb wp-block-group-is-layout-flex\" style=\"min-height:40vh;margin-top:0;margin-bottom:0;padding-top:var(--wp--preset--spacing--60);padding-right:var(--wp--preset--spacing--40);padding-bottom:var(--wp--preset--spacing--60);padding-left:var(--wp--preset--spacing--40)\">\n<div class=\"wp-block-columns alignwide has-small-font-size is-layout-flex wp-container-core-columns-is-layout-28f84493 wp-block-columns-is-layout-flex\">\n<div class=\"wp-block-column is-layout-flow wp-block-column-is-layout-flow\">\n<p class=\"has-text-align-center\">Standort<\/p>\n\n\n\n<p class=\"has-text-align-center\">Mag. Ren\u00e9 Jusinger<br>Rechtsanwalt<br>Johann-Nepomuk-Vogl-Platz 7\/9<br>1180 Wien<br>Austria<\/p>\n\n\n\n<p class=\"has-text-align-center\"><\/p>\n\n\n\n<div style=\"height:24px\" aria-hidden=\"true\" class=\"wp-block-spacer\"><\/div>\n<\/div>\n\n\n\n<div class=\"wp-block-column is-layout-flow wp-block-column-is-layout-flow\">\n<p class=\"has-text-align-center\">Seiten<\/p>\n\n\n<nav class=\"has-small-font-size items-justified-center is-vertical no-wrap wp-block-navigation is-content-justification-center is-nowrap is-layout-flex wp-container-core-navigation-is-layout-34a3ecb2 wp-block-navigation-is-layout-flex\" aria-label=\"Navigation 2 2\"><ul class=\"wp-block-navigation__container has-small-font-size items-justified-center is-vertical no-wrap wp-block-navigation has-small-font-size\"><li class=\"has-small-font-size wp-block-navigation-item wp-block-navigation-link\"><a class=\"wp-block-navigation-item__content\"  href=\"https:\/\/www.jusinger.legal\/?page_id=109\"><span class=\"wp-block-navigation-item__label\">Spezialisierungen<\/span><\/a><\/li><li class=\"has-small-font-size wp-block-navigation-item wp-block-navigation-link\"><a class=\"wp-block-navigation-item__content\"  href=\"https:\/\/www.jusinger.legal\/?page_id=230\"><span class=\"wp-block-navigation-item__label\">Honorar<\/span><\/a><\/li><li class=\"has-small-font-size wp-block-navigation-item wp-block-navigation-link\"><a class=\"wp-block-navigation-item__content\"  href=\"https:\/\/www.jusinger.legal\/?page_id=140\"><span class=\"wp-block-navigation-item__label\">\u00dcber<\/span><\/a><\/li><li class=\"has-small-font-size wp-block-navigation-item wp-block-navigation-link\"><a class=\"wp-block-navigation-item__content\"  href=\"https:\/\/www.jusinger.legal\/?page_id=147\"><span class=\"wp-block-navigation-item__label\">Kontakt<\/span><\/a><\/li><\/ul><\/nav>\n\n\n<div style=\"height:24px\" aria-hidden=\"true\" class=\"wp-block-spacer\"><\/div>\n<\/div>\n\n\n\n<div class=\"wp-block-column is-layout-flow wp-block-column-is-layout-flow\">\n<p class=\"has-text-align-center\">Kontakt<\/p>\n\n\n\n<div class=\"wp-block-group is-vertical is-content-justification-center is-layout-flex wp-container-core-group-is-layout-0e868306 wp-block-group-is-layout-flex\">\n<p>office@jusinger.legal<\/p>\n\n\n\n<p>+43 1 20 16 111<\/p>\n\n\n\n<p><a href=\"http:\/\/www.jusinger.legal\/\">www.jusinger.legal<\/a><\/p>\n\n\n\n<p><a href=\"https:\/\/www.jusinger.legal\/?page_id=242\" data-type=\"page\" data-id=\"242\">Impressum<\/a><\/p>\n<\/div>\n<\/div>\n<\/div>\n\n\n\n<div class=\"wp-block-group alignwide is-content-justification-center is-layout-flex wp-container-core-group-is-layout-c124d1c4 wp-block-group-is-layout-flex\">\n<p class=\"has-text-align-center has-small-font-size\">Webseite in Arbeit<\/p>\n<\/div>\n<\/div>\n","protected":false},"excerpt":{"rendered":"<p>Die Kanzlei Jusinger bietet rund um die Rechtsthemen Gesellschaftsrecht, Vertragsrecht, Umgr\u00fcndungen, Niederlassungen kompetente und rasche Hilfe an. Das Leitbild meiner anwaltlichen T\u00e4tigkeit ist die umfassende Beratung und kompetente Vertretung meiner Mandanten mit Eifer, Vertraulichkeit und Gewissenhaftigkeit: Im Zentrum stehen meine Mandanten mit Ihren pers\u00f6nlichen Anliegen. Sowohl in der Beratung als auch bei der Vertretung von [&hellip;]<\/p>\n","protected":false},"author":1,"featured_media":0,"parent":0,"menu_order":1,"comment_status":"closed","ping_status":"closed","template":"","meta":{"footnotes":""},"class_list":["post-109","page","type-page","status-publish","hentry"],"_links":{"self":[{"href":"https:\/\/www.jusinger.legal\/index.php?rest_route=\/wp\/v2\/pages\/109","targetHints":{"allow":["GET"]}}],"collection":[{"href":"https:\/\/www.jusinger.legal\/index.php?rest_route=\/wp\/v2\/pages"}],"about":[{"href":"https:\/\/www.jusinger.legal\/index.php?rest_route=\/wp\/v2\/types\/page"}],"author":[{"embeddable":true,"href":"https:\/\/www.jusinger.legal\/index.php?rest_route=\/wp\/v2\/users\/1"}],"replies":[{"embeddable":true,"href":"https:\/\/www.jusinger.legal\/index.php?rest_route=%2Fwp%2Fv2%2Fcomments&post=109"}],"version-history":[{"count":18,"href":"https:\/\/www.jusinger.legal\/index.php?rest_route=\/wp\/v2\/pages\/109\/revisions"}],"predecessor-version":[{"id":279,"href":"https:\/\/www.jusinger.legal\/index.php?rest_route=\/wp\/v2\/pages\/109\/revisions\/279"}],"wp:attachment":[{"href":"https:\/\/www.jusinger.legal\/index.php?rest_route=%2Fwp%2Fv2%2Fmedia&parent=109"}],"curies":[{"name":"wp","href":"https:\/\/api.w.org\/{rel}","templated":true}]}}