{"id":140,"date":"2025-04-15T21:53:52","date_gmt":"2025-04-15T21:53:52","guid":{"rendered":"https:\/\/www.jusinger.legal\/?page_id=140"},"modified":"2025-09-01T21:32:17","modified_gmt":"2025-09-01T21:32:17","slug":"ueber","status":"publish","type":"page","link":"https:\/\/www.jusinger.legal\/?page_id=140","title":{"rendered":"\u00dcber"},"content":{"rendered":"\n<div class=\"wp-block-group alignfull has-global-padding is-layout-constrained wp-container-core-group-is-layout-23b1a4dc wp-block-group-is-layout-constrained\" style=\"padding-top:var(--wp--preset--spacing--30);padding-right:var(--wp--preset--spacing--30);padding-bottom:var(--wp--preset--spacing--30);padding-left:var(--wp--preset--spacing--30)\">\n<div class=\"wp-block-group alignwide is-content-justification-space-between is-layout-flex wp-container-core-group-is-layout-b2891da8 wp-block-group-is-layout-flex\">\n<div class=\"wp-block-group is-layout-flex wp-block-group-is-layout-flex\"><h1 class=\"has-link-color wp-elements-d6202aa7d337f2ce08aedc8ed261a84e wp-block-site-title\"><a href=\"https:\/\/www.jusinger.legal\" target=\"_self\" rel=\"home\">www.jusinger.legal<\/a><\/h1>\n\n<\/div>\n\n\n<nav class=\"is-responsive items-justified-right wp-block-navigation is-content-justification-right is-layout-flex wp-container-core-navigation-is-layout-f665d2b5 wp-block-navigation-is-layout-flex\" aria-label=\"Navigation 2\" \n\t\t data-wp-interactive=\"core\/navigation\" data-wp-context='{\"overlayOpenedBy\":{\"click\":false,\"hover\":false,\"focus\":false},\"type\":\"overlay\",\"roleAttribute\":\"\",\"ariaLabel\":\"Men\\u00fc\"}'><button aria-haspopup=\"dialog\" aria-label=\"Men\u00fc \u00f6ffnen\" class=\"wp-block-navigation__responsive-container-open\" \n\t\t\t\tdata-wp-on--click=\"actions.openMenuOnClick\"\n\t\t\t\tdata-wp-on--keydown=\"actions.handleMenuKeydown\"\n\t\t\t><svg width=\"24\" height=\"24\" xmlns=\"http:\/\/www.w3.org\/2000\/svg\" viewBox=\"0 0 24 24\" aria-hidden=\"true\" focusable=\"false\"><path d=\"M4 7.5h16v1.5H4z\"><\/path><path d=\"M4 15h16v1.5H4z\"><\/path><\/svg><\/button>\n\t\t\t\t<div class=\"wp-block-navigation__responsive-container\"  id=\"modal-1\" \n\t\t\t\tdata-wp-class--has-modal-open=\"state.isMenuOpen\"\n\t\t\t\tdata-wp-class--is-menu-open=\"state.isMenuOpen\"\n\t\t\t\tdata-wp-watch=\"callbacks.initMenu\"\n\t\t\t\tdata-wp-on--keydown=\"actions.handleMenuKeydown\"\n\t\t\t\tdata-wp-on--focusout=\"actions.handleMenuFocusout\"\n\t\t\t\ttabindex=\"-1\"\n\t\t\t>\n\t\t\t\t\t<div class=\"wp-block-navigation__responsive-close\" tabindex=\"-1\">\n\t\t\t\t\t\t<div class=\"wp-block-navigation__responsive-dialog\" \n\t\t\t\tdata-wp-bind--aria-modal=\"state.ariaModal\"\n\t\t\t\tdata-wp-bind--aria-label=\"state.ariaLabel\"\n\t\t\t\tdata-wp-bind--role=\"state.roleAttribute\"\n\t\t\t>\n\t\t\t\t\t\t\t<button aria-label=\"Men\u00fc schlie\u00dfen\" class=\"wp-block-navigation__responsive-container-close\" \n\t\t\t\tdata-wp-on--click=\"actions.closeMenuOnClick\"\n\t\t\t><svg xmlns=\"http:\/\/www.w3.org\/2000\/svg\" viewBox=\"0 0 24 24\" width=\"24\" height=\"24\" aria-hidden=\"true\" focusable=\"false\"><path d=\"m13.06 12 6.47-6.47-1.06-1.06L12 10.94 5.53 4.47 4.47 5.53 10.94 12l-6.47 6.47 1.06 1.06L12 13.06l6.47 6.47 1.06-1.06L13.06 12Z\"><\/path><\/svg><\/button>\n\t\t\t\t\t\t\t<div class=\"wp-block-navigation__responsive-container-content\" \n\t\t\t\tdata-wp-watch=\"callbacks.focusFirstElement\"\n\t\t\t id=\"modal-1-content\">\n\t\t\t\t\t\t\t\t<ul class=\"wp-block-navigation__container is-responsive items-justified-right wp-block-navigation\"><li class=\" wp-block-navigation-item wp-block-navigation-link\"><a class=\"wp-block-navigation-item__content\"  href=\"https:\/\/www.jusinger.legal\/?page_id=109\"><span class=\"wp-block-navigation-item__label\">Spezialisierungen<\/span><\/a><\/li><li class=\" wp-block-navigation-item wp-block-navigation-link\"><a class=\"wp-block-navigation-item__content\"  href=\"https:\/\/www.jusinger.legal\/?page_id=230\"><span class=\"wp-block-navigation-item__label\">Honorar<\/span><\/a><\/li><li class=\" wp-block-navigation-item wp-block-navigation-link\"><a class=\"wp-block-navigation-item__content\"  href=\"https:\/\/www.jusinger.legal\/?page_id=140\"><span class=\"wp-block-navigation-item__label\">\u00dcber<\/span><\/a><\/li><li class=\" wp-block-navigation-item wp-block-navigation-link\"><a class=\"wp-block-navigation-item__content\"  href=\"https:\/\/www.jusinger.legal\/?page_id=147\"><span class=\"wp-block-navigation-item__label\">Kontakt<\/span><\/a><\/li><\/ul>\n\t\t\t\t\t\t\t<\/div>\n\t\t\t\t\t\t<\/div>\n\t\t\t\t\t<\/div>\n\t\t\t\t<\/div><\/nav><\/div>\n<\/div>\n\n\n\n<figure class=\"wp-block-image size-large is-resized\"><img loading=\"lazy\" decoding=\"async\" width=\"1024\" height=\"512\" src=\"https:\/\/www.jusinger.legal\/wp-content\/uploads\/2025\/04\/Rene-JusingerLi-1024x512.jpg\" alt=\"\" class=\"wp-image-208\" style=\"width:1280px;height:auto\" srcset=\"https:\/\/www.jusinger.legal\/wp-content\/uploads\/2025\/04\/Rene-JusingerLi-1024x512.jpg 1024w, https:\/\/www.jusinger.legal\/wp-content\/uploads\/2025\/04\/Rene-JusingerLi-300x150.jpg 300w, https:\/\/www.jusinger.legal\/wp-content\/uploads\/2025\/04\/Rene-JusingerLi-768x384.jpg 768w, https:\/\/www.jusinger.legal\/wp-content\/uploads\/2025\/04\/Rene-JusingerLi.jpg 1200w\" sizes=\"auto, (max-width: 1024px) 100vw, 1024px\" \/><\/figure>\n\n\n\n<div class=\"wp-block-group alignwide has-global-padding is-layout-constrained wp-block-group-is-layout-constrained\">\n<h1 class=\"wp-block-heading has-text-align-left has-xx-large-font-size\" style=\"line-height:1.2\"><strong>Mag. Ren\u00e9 Jusinger<\/strong><\/h1>\n\n\n\n<p>Mein Studium der Rechtswissenschaften habe ich am Juridicum absolviert.<\/p>\n\n\n\n<p>Meine bisherigen beruflichen Erfahrungen habe ich in einer Allgemeinkanzlei in Wien und in einer renommierten Wirtschaftskanzlei gesammelt. Meine rechtliche Berufspraxis deckt daher das gesamte Gebiet des Zivil-, Miet-, Wohn- und Immobilienrecht sowie das Gesellschaftsrecht ab.<\/p>\n\n\n\n<p><strong>Werdegang<\/strong><\/p>\n\n\n\n<p>Nach der Unterstufe besuchte ich das Technologische Gewerbemuseum (Maschinenbau), und maturierte im Juni 1996.\u00a0<\/p>\n\n\n\n<p>Das Studium der Rechtswissenschaften am Juridicum in Wien schloss ich im J\u00e4nner 2002 ab.<\/p>\n\n\n\n<p>Im Anschluss an die Gerichtspraxis in Wien arbeitete ich als Rechtsanwaltsanw\u00e4rter und absolvierte im Mai 2007 die Anwaltspr\u00fcfung mit sehr gutem Erfolg.<\/p>\n\n\n\n<p>Nach der Rechtsanwaltspr\u00fcfung arbeitete ich bis Juli 2008 als Konzipient und ab Juli 2008 als selbst\u00e4ndiger Rechtsanwalt sowie von Juli 2024 bis Februar 2025 als Legal Counsel eines erfolgreichen, eigent\u00fcmergef\u00fchrten Anlagenbauers.<\/p>\n\n\n\n<p>Meine Erfahrung, Expertise und mein Knowhow aufgrund meiner mehr als einundzwanzigj\u00e4hrigen T\u00e4tigkeit in unterschiedlichen Rechtsgebieten haben mich darin best\u00e4rkt, dieses Wissen fruchtbringend weiterzugeben, sodass mein Schritt zur Gr\u00fcndung meiner eigenen Kanzlei im M\u00e4rz 2025 ein logischer Schritt war.<\/p>\n\n\n\n<p><\/p>\n\n\n\n<p><strong>Mag. Ren\u00e9 Jusinger<br><\/strong>Rechtsanwalt<br>Johann Nepomuk-Vogl-Platz 7\/9<br>1180 Wien<br><\/p>\n\n\n\n<p>RAK Wien (R163484)<br>UID-Nr.: ATU64352346<\/p>\n\n\n\n<p><\/p>\n<\/div>\n\n\n\n<div class=\"wp-block-group alignfull has-background-color has-white-color has-black-background-color has-text-color has-background has-link-color wp-elements-045741db64de535586efb8da0d60e7ae is-vertical is-content-justification-stretch is-layout-flex wp-container-core-group-is-layout-48a3dbfb wp-block-group-is-layout-flex\" style=\"min-height:40vh;margin-top:0;margin-bottom:0;padding-top:var(--wp--preset--spacing--60);padding-right:var(--wp--preset--spacing--40);padding-bottom:var(--wp--preset--spacing--60);padding-left:var(--wp--preset--spacing--40)\">\n<div class=\"wp-block-columns alignwide has-small-font-size is-layout-flex wp-container-core-columns-is-layout-28f84493 wp-block-columns-is-layout-flex\">\n<div class=\"wp-block-column is-layout-flow wp-block-column-is-layout-flow\">\n<p class=\"has-text-align-center\">Standort<\/p>\n\n\n\n<p class=\"has-text-align-center\">Mag. Ren\u00e9 Jusinger<br>Rechtsanwalt<br>Johann-Nepomuk-Vogl-Platz 7\/9<br>1180 Wien<br>Austria<\/p>\n\n\n\n<div style=\"height:24px\" aria-hidden=\"true\" class=\"wp-block-spacer\"><\/div>\n<\/div>\n\n\n\n<div class=\"wp-block-column is-layout-flow wp-block-column-is-layout-flow\">\n<p class=\"has-text-align-center\">Seiten<\/p>\n\n\n<nav class=\"has-small-font-size items-justified-center is-vertical no-wrap wp-block-navigation is-content-justification-center is-nowrap is-layout-flex wp-container-core-navigation-is-layout-34a3ecb2 wp-block-navigation-is-layout-flex\" aria-label=\"Navigation 2 2\"><ul class=\"wp-block-navigation__container has-small-font-size items-justified-center is-vertical no-wrap wp-block-navigation has-small-font-size\"><li class=\"has-small-font-size wp-block-navigation-item wp-block-navigation-link\"><a class=\"wp-block-navigation-item__content\"  href=\"https:\/\/www.jusinger.legal\/?page_id=109\"><span class=\"wp-block-navigation-item__label\">Spezialisierungen<\/span><\/a><\/li><li class=\"has-small-font-size wp-block-navigation-item wp-block-navigation-link\"><a class=\"wp-block-navigation-item__content\"  href=\"https:\/\/www.jusinger.legal\/?page_id=230\"><span class=\"wp-block-navigation-item__label\">Honorar<\/span><\/a><\/li><li class=\"has-small-font-size wp-block-navigation-item wp-block-navigation-link\"><a class=\"wp-block-navigation-item__content\"  href=\"https:\/\/www.jusinger.legal\/?page_id=140\"><span class=\"wp-block-navigation-item__label\">\u00dcber<\/span><\/a><\/li><li class=\"has-small-font-size wp-block-navigation-item wp-block-navigation-link\"><a class=\"wp-block-navigation-item__content\"  href=\"https:\/\/www.jusinger.legal\/?page_id=147\"><span class=\"wp-block-navigation-item__label\">Kontakt<\/span><\/a><\/li><\/ul><\/nav>\n\n\n<div style=\"height:24px\" aria-hidden=\"true\" class=\"wp-block-spacer\"><\/div>\n<\/div>\n\n\n\n<div class=\"wp-block-column is-layout-flow wp-block-column-is-layout-flow\">\n<p class=\"has-text-align-center\">Kontakt<\/p>\n\n\n\n<div class=\"wp-block-group is-vertical is-content-justification-center is-layout-flex wp-container-core-group-is-layout-0e868306 wp-block-group-is-layout-flex\">\n<p>office@jusinger.legal<\/p>\n\n\n\n<p>+43 1 20 16 111<\/p>\n\n\n\n<p><a href=\"http:\/\/www.jusinger.legal\" data-type=\"link\" data-id=\"www.jusinger.legal\">www.jusinger.legal<\/a><\/p>\n\n\n\n<p><a href=\"https:\/\/www.jusinger.legal\/?page_id=242\">Impressum<\/a><\/p>\n<\/div>\n\n\n\n<div style=\"height:24px\" aria-hidden=\"true\" class=\"wp-block-spacer\"><\/div>\n<\/div>\n<\/div>\n\n\n\n<div class=\"wp-block-group alignwide is-content-justification-center is-layout-flex wp-container-core-group-is-layout-c124d1c4 wp-block-group-is-layout-flex\">\n<p class=\"has-text-align-center has-small-font-size\">Webseite In Arbeit<\/p>\n<\/div>\n<\/div>\n","protected":false},"excerpt":{"rendered":"<p>Mag. Ren\u00e9 Jusinger Mein Studium der Rechtswissenschaften habe ich am Juridicum absolviert. Meine bisherigen beruflichen Erfahrungen habe ich in einer Allgemeinkanzlei in Wien und in einer renommierten Wirtschaftskanzlei gesammelt. Meine rechtliche Berufspraxis deckt daher das gesamte Gebiet des Zivil-, Miet-, Wohn- und Immobilienrecht sowie das Gesellschaftsrecht ab. Werdegang Nach der Unterstufe besuchte ich das Technologische [&hellip;]<\/p>\n","protected":false},"author":1,"featured_media":0,"parent":0,"menu_order":2,"comment_status":"closed","ping_status":"closed","template":"","meta":{"footnotes":""},"class_list":["post-140","page","type-page","status-publish","hentry"],"_links":{"self":[{"href":"https:\/\/www.jusinger.legal\/index.php?rest_route=\/wp\/v2\/pages\/140","targetHints":{"allow":["GET"]}}],"collection":[{"href":"https:\/\/www.jusinger.legal\/index.php?rest_route=\/wp\/v2\/pages"}],"about":[{"href":"https:\/\/www.jusinger.legal\/index.php?rest_route=\/wp\/v2\/types\/page"}],"author":[{"embeddable":true,"href":"https:\/\/www.jusinger.legal\/index.php?rest_route=\/wp\/v2\/users\/1"}],"replies":[{"embeddable":true,"href":"https:\/\/www.jusinger.legal\/index.php?rest_route=%2Fwp%2Fv2%2Fcomments&post=140"}],"version-history":[{"count":19,"href":"https:\/\/www.jusinger.legal\/index.php?rest_route=\/wp\/v2\/pages\/140\/revisions"}],"predecessor-version":[{"id":287,"href":"https:\/\/www.jusinger.legal\/index.php?rest_route=\/wp\/v2\/pages\/140\/revisions\/287"}],"wp:attachment":[{"href":"https:\/\/www.jusinger.legal\/index.php?rest_route=%2Fwp%2Fv2%2Fmedia&parent=140"}],"curies":[{"name":"wp","href":"https:\/\/api.w.org\/{rel}","templated":true}]}}